{"id":1342,"date":"2023-02-22T23:27:15","date_gmt":"2023-02-22T23:27:15","guid":{"rendered":"https:\/\/calahuatulco.com\/?page_id=1342"},"modified":"2023-11-14T02:24:27","modified_gmt":"2023-11-14T02:24:27","slug":"contacto","status":"publish","type":"page","link":"https:\/\/calahuatulco.com\/en\/contacto\/","title":{"rendered":"CONTACT"},"content":{"rendered":"\t\t<div data-elementor-type=\"wp-page\" data-elementor-id=\"1342\" class=\"elementor elementor-1342\" data-elementor-post-type=\"page\">\n\t\t\t\t\t\t<section class=\"elementor-section elementor-top-section elementor-element elementor-element-a9ddbda elementor-section-boxed elementor-section-height-default elementor-section-height-default\" data-id=\"a9ddbda\" data-element_type=\"section\" data-e-type=\"section\">\n\t\t\t\t\t\t<div class=\"elementor-container elementor-column-gap-default\">\n\t\t\t\t\t<div class=\"elementor-column elementor-col-100 elementor-top-column elementor-element elementor-element-667663a\" data-id=\"667663a\" data-element_type=\"column\" data-e-type=\"column\">\n\t\t\t<div class=\"elementor-widget-wrap elementor-element-populated\">\n\t\t\t\t\t\t<div class=\"elementor-element elementor-element-419a9ec elementor-widget elementor-widget-global elementor-global-1473 elementor-widget-spacer\" data-id=\"419a9ec\" data-element_type=\"widget\" data-e-type=\"widget\" data-widget_type=\"spacer.default\">\n\t\t\t\t<div class=\"elementor-widget-container\">\n\t\t\t\t\t\t\t<div class=\"elementor-spacer\">\n\t\t\t<div class=\"elementor-spacer-inner\"><\/div>\n\t\t<\/div>\n\t\t\t\t\t\t<\/div>\n\t\t\t\t<\/div>\n\t\t\t\t<div class=\"elementor-element elementor-element-23baa97 elementor-widget elementor-widget-text-editor\" data-id=\"23baa97\" data-element_type=\"widget\" data-e-type=\"widget\" data-widget_type=\"text-editor.default\">\n\t\t\t\t<div class=\"elementor-widget-container\">\n\t\t\t\t\t\t\t\t\t<p><strong><span style=\"font-size: 18pt;\">Contactar con un agente:<\/span><\/strong><\/p>\t\t\t\t\t\t\t\t<\/div>\n\t\t\t\t<\/div>\n\t\t\t\t<div class=\"elementor-element elementor-element-467045b elementor-widget elementor-widget-text-editor\" data-id=\"467045b\" data-element_type=\"widget\" data-e-type=\"widget\" data-widget_type=\"text-editor.default\">\n\t\t\t\t<div class=\"elementor-widget-container\">\n\t\t\t\t\t\t\t\t\t<p>Por favor, d\u00e9janos tus datos, uno de nuestros representantes atender\u00e1 tu solicitud lo antes posible.<\/p>\t\t\t\t\t\t\t\t<\/div>\n\t\t\t\t<\/div>\n\t\t\t\t<div class=\"elementor-element elementor-element-d112a89 elementor-button-align-center elementor-widget__width-initial elementor-widget elementor-widget-form\" data-id=\"d112a89\" data-element_type=\"widget\" data-e-type=\"widget\" data-settings=\"{&quot;step_next_label&quot;:&quot;Next&quot;,&quot;step_previous_label&quot;:&quot;Previous&quot;,&quot;button_width&quot;:&quot;100&quot;,&quot;step_type&quot;:&quot;number_text&quot;,&quot;step_icon_shape&quot;:&quot;circle&quot;}\" data-widget_type=\"form.default\">\n\t\t\t\t<div class=\"elementor-widget-container\">\n\t\t\t\t\t\t\t<form class=\"elementor-form\" method=\"post\" name=\"CONTACTAR AGENTE\" aria-label=\"CONTACTAR AGENTE\">\n\t\t\t<input type=\"hidden\" name=\"post_id\" value=\"1342\"\/>\n\t\t\t<input type=\"hidden\" name=\"form_id\" value=\"d112a89\"\/>\n\t\t\t<input type=\"hidden\" name=\"referer_title\" value=\"CONTACTO - Cala Huatulco\" \/>\n\n\t\t\t\t\t\t\t<input type=\"hidden\" name=\"queried_id\" value=\"1342\"\/>\n\t\t\t\n\t\t\t<div class=\"elementor-form-fields-wrapper elementor-labels-above\">\n\t\t\t\t\t\t\t\t<div class=\"elementor-field-type-text elementor-field-group elementor-column elementor-field-group-name elementor-col-50 elementor-field-required elementor-mark-required\">\n\t\t\t\t\t\t\t\t\t\t\t\t<label for=\"form-field-name\" class=\"elementor-field-label\">\n\t\t\t\t\t\t\t\tNombre\t\t\t\t\t\t\t<\/label>\n\t\t\t\t\t\t\t\t\t\t\t\t\t\t<input size=\"1\" type=\"text\" name=\"form_fields[name]\" id=\"form-field-name\" class=\"elementor-field elementor-size-sm  elementor-field-textual\" required=\"required\">\n\t\t\t\t\t\t\t\t\t\t\t<\/div>\n\t\t\t\t\t\t\t\t<div class=\"elementor-field-type-text elementor-field-group elementor-column elementor-field-group-field_e6e8b52 elementor-col-50\">\n\t\t\t\t\t\t\t\t\t\t\t\t<label for=\"form-field-field_e6e8b52\" class=\"elementor-field-label\">\n\t\t\t\t\t\t\t\tApellido\t\t\t\t\t\t\t<\/label>\n\t\t\t\t\t\t\t\t\t\t\t\t\t\t<input size=\"1\" type=\"text\" name=\"form_fields[field_e6e8b52]\" id=\"form-field-field_e6e8b52\" class=\"elementor-field elementor-size-sm  elementor-field-textual\">\n\t\t\t\t\t\t\t\t\t\t\t<\/div>\n\t\t\t\t\t\t\t\t<div class=\"elementor-field-type-email elementor-field-group elementor-column elementor-field-group-field_11e7d0d elementor-col-50 elementor-field-required elementor-mark-required\">\n\t\t\t\t\t\t\t\t\t\t\t\t<label for=\"form-field-field_11e7d0d\" class=\"elementor-field-label\">\n\t\t\t\t\t\t\t\tCorreo Electr\u00f3nico\t\t\t\t\t\t\t<\/label>\n\t\t\t\t\t\t\t\t\t\t\t\t\t\t<input size=\"1\" type=\"email\" name=\"form_fields[field_11e7d0d]\" id=\"form-field-field_11e7d0d\" class=\"elementor-field elementor-size-sm  elementor-field-textual\" required=\"required\">\n\t\t\t\t\t\t\t\t\t\t\t<\/div>\n\t\t\t\t\t\t\t\t<div class=\"elementor-field-type-tel elementor-field-group elementor-column elementor-field-group-field_04d755e elementor-col-50\">\n\t\t\t\t\t\t\t\t\t\t\t\t<label for=\"form-field-field_04d755e\" class=\"elementor-field-label\">\n\t\t\t\t\t\t\t\tTel\u00e9fono \t\t\t\t\t\t\t<\/label>\n\t\t\t\t\t\t\t\t<input size=\"1\" type=\"tel\" name=\"form_fields[field_04d755e]\" id=\"form-field-field_04d755e\" class=\"elementor-field elementor-size-sm  elementor-field-textual\" pattern=\"[0-9()#&amp;+*-=.]+\" title=\"Only numbers and phone characters (#, -, *, etc) are accepted.\">\n\n\t\t\t\t\t\t<\/div>\n\t\t\t\t\t\t\t\t<div class=\"elementor-field-type-textarea elementor-field-group elementor-column elementor-field-group-message elementor-col-100 elementor-field-required elementor-mark-required\">\n\t\t\t\t\t\t\t\t\t\t\t\t<label for=\"form-field-message\" class=\"elementor-field-label\">\n\t\t\t\t\t\t\t\tMensaje\t\t\t\t\t\t\t<\/label>\n\t\t\t\t\t\t<textarea class=\"elementor-field-textual elementor-field  elementor-size-sm\" name=\"form_fields[message]\" id=\"form-field-message\" rows=\"3\" required=\"required\"><\/textarea>\t\t\t\t<\/div>\n\t\t\t\t\t\t\t\t<div class=\"elementor-field-type-hidden elementor-field-group elementor-column elementor-field-group-field_3a13285 elementor-col-100\">\n\t\t\t\t\t\t\t\t\t\t\t\t\t<input size=\"1\" type=\"hidden\" name=\"form_fields[field_3a13285]\" id=\"form-field-field_3a13285\" class=\"elementor-field elementor-size-sm  elementor-field-textual\" value=\"Contacto\">\n\t\t\t\t\t\t\t\t\t\t\t<\/div>\n\t\t\t\t\t\t\t\t<div class=\"elementor-field-group elementor-column elementor-field-type-submit elementor-col-100 e-form__buttons\">\n\t\t\t\t\t<button class=\"elementor-button elementor-size-sm elementor-animation-pop\" type=\"submit\">\n\t\t\t\t\t\t<span class=\"elementor-button-content-wrapper\">\n\t\t\t\t\t\t\t\t\t\t\t\t\t\t\t\t\t\t\t\t\t\t<span class=\"elementor-button-text\">ENVIAR MENSAJE<\/span>\n\t\t\t\t\t\t\t\t\t\t\t\t\t<\/span>\n\t\t\t\t\t<\/button>\n\t\t\t\t<\/div>\n\t\t\t<\/div>\n\t\t<\/form>\n\t\t\t\t\t\t<\/div>\n\t\t\t\t<\/div>\n\t\t\t\t<div class=\"elementor-element elementor-element-66cbcea elementor-widget elementor-widget-spacer\" data-id=\"66cbcea\" data-element_type=\"widget\" data-e-type=\"widget\" data-widget_type=\"spacer.default\">\n\t\t\t\t<div class=\"elementor-widget-container\">\n\t\t\t\t\t\t\t<div class=\"elementor-spacer\">\n\t\t\t<div class=\"elementor-spacer-inner\"><\/div>\n\t\t<\/div>\n\t\t\t\t\t\t<\/div>\n\t\t\t\t<\/div>\n\t\t\t\t<div class=\"elementor-element elementor-element-bb0f4e2 elementor-widget elementor-widget-text-editor\" data-id=\"bb0f4e2\" data-element_type=\"widget\" data-e-type=\"widget\" data-widget_type=\"text-editor.default\">\n\t\t\t\t<div class=\"elementor-widget-container\">\n\t\t\t\t\t\t\t\t\t<p><span style=\"font-size: 18pt;\"><strong>Mapa de Ubicaci\u00f3n<\/strong><\/span><\/p>\t\t\t\t\t\t\t\t<\/div>\n\t\t\t\t<\/div>\n\t\t\t\t\t<\/div>\n\t\t<\/div>\n\t\t\t\t\t<\/div>\n\t\t<\/section>\n\t\t\t\t<section class=\"elementor-section elementor-top-section elementor-element elementor-element-96e9541 elementor-section-boxed elementor-section-height-default elementor-section-height-default\" data-id=\"96e9541\" data-element_type=\"section\" data-e-type=\"section\">\n\t\t\t\t\t\t<div class=\"elementor-container elementor-column-gap-default\">\n\t\t\t\t\t<div class=\"elementor-column elementor-col-100 elementor-top-column elementor-element elementor-element-b6b582c\" data-id=\"b6b582c\" data-element_type=\"column\" data-e-type=\"column\">\n\t\t\t<div class=\"elementor-widget-wrap\">\n\t\t\t\t\t\t\t<\/div>\n\t\t<\/div>\n\t\t\t\t\t<\/div>\n\t\t<\/section>\n\t\t\t\t<section class=\"elementor-section elementor-top-section elementor-element elementor-element-d633c37 elementor-section-boxed elementor-section-height-default elementor-section-height-default\" data-id=\"d633c37\" data-element_type=\"section\" data-e-type=\"section\">\n\t\t\t\t\t\t<div class=\"elementor-container elementor-column-gap-default\">\n\t\t\t\t\t<div class=\"elementor-column elementor-col-100 elementor-top-column elementor-element elementor-element-0086fca\" data-id=\"0086fca\" data-element_type=\"column\" data-e-type=\"column\">\n\t\t\t<div class=\"elementor-widget-wrap elementor-element-populated\">\n\t\t\t\t\t\t<div class=\"elementor-element elementor-element-6e4349d elementor-widget elementor-widget-spacer\" data-id=\"6e4349d\" data-element_type=\"widget\" data-e-type=\"widget\" data-widget_type=\"spacer.default\">\n\t\t\t\t<div class=\"elementor-widget-container\">\n\t\t\t\t\t\t\t<div class=\"elementor-spacer\">\n\t\t\t<div class=\"elementor-spacer-inner\"><\/div>\n\t\t<\/div>\n\t\t\t\t\t\t<\/div>\n\t\t\t\t<\/div>\n\t\t\t\t\t<\/div>\n\t\t<\/div>\n\t\t\t\t\t<\/div>\n\t\t<\/section>\n\t\t\t\t<section class=\"elementor-section elementor-top-section elementor-element elementor-element-a82cd06 elementor-section-boxed elementor-section-height-default elementor-section-height-default\" data-id=\"a82cd06\" data-element_type=\"section\" data-e-type=\"section\">\n\t\t\t\t\t\t<div class=\"elementor-container elementor-column-gap-default\">\n\t\t\t\t\t<div class=\"elementor-column elementor-col-100 elementor-top-column elementor-element elementor-element-aed52be\" data-id=\"aed52be\" data-element_type=\"column\" data-e-type=\"column\">\n\t\t\t<div class=\"elementor-widget-wrap elementor-element-populated\">\n\t\t\t\t\t\t<div class=\"elementor-element elementor-element-d32cc3e elementor-widget elementor-widget-text-editor\" data-id=\"d32cc3e\" data-element_type=\"widget\" data-e-type=\"widget\" data-widget_type=\"text-editor.default\">\n\t\t\t\t<div class=\"elementor-widget-container\">\n\t\t\t\t\t\t\t\t\t<p><strong><span style=\"font-size: 18pt;\">Informaci\u00f3n de Contacto:<\/span><\/strong><\/p>\t\t\t\t\t\t\t\t<\/div>\n\t\t\t\t<\/div>\n\t\t\t\t<div class=\"elementor-element elementor-element-86fa4f1 elementor-icon-list--layout-inline elementor-align-center elementor-list-item-link-full_width elementor-widget elementor-widget-icon-list\" data-id=\"86fa4f1\" data-element_type=\"widget\" data-e-type=\"widget\" data-widget_type=\"icon-list.default\">\n\t\t\t\t<div class=\"elementor-widget-container\">\n\t\t\t\t\t\t\t<ul class=\"elementor-icon-list-items elementor-inline-items\">\n\t\t\t\t\t\t\t<li class=\"elementor-icon-list-item elementor-inline-item\">\n\t\t\t\t\t\t\t\t\t\t\t<a href=\"https:\/\/api.whatsapp.com\/send\/?phone=529581015739&#038;text&#038;type=phone_number&#038;app_absent=0\" target=\"_blank\">\n\n\t\t\t\t\t\t\t\t\t\t\t\t<span class=\"elementor-icon-list-icon\">\n\t\t\t\t\t\t\t<i aria-hidden=\"true\" class=\"fab fa-whatsapp\"><\/i>\t\t\t\t\t\t<\/span>\n\t\t\t\t\t\t\t\t\t\t<span class=\"elementor-icon-list-text\">Whatsapp +52 (958) 101-5739<\/span>\n\t\t\t\t\t\t\t\t\t\t\t<\/a>\n\t\t\t\t\t\t\t\t\t<\/li>\n\t\t\t\t\t\t\t\t<li class=\"elementor-icon-list-item elementor-inline-item\">\n\t\t\t\t\t\t\t\t\t\t\t<a href=\"http:\/\/info@calahuatulco.com\" target=\"_blank\">\n\n\t\t\t\t\t\t\t\t\t\t\t\t<span class=\"elementor-icon-list-icon\">\n\t\t\t\t\t\t\t<i aria-hidden=\"true\" class=\"icon icon-email1\"><\/i>\t\t\t\t\t\t<\/span>\n\t\t\t\t\t\t\t\t\t\t<span class=\"elementor-icon-list-text\">info@calahuatulco.com<\/span>\n\t\t\t\t\t\t\t\t\t\t\t<\/a>\n\t\t\t\t\t\t\t\t\t<\/li>\n\t\t\t\t\t\t<\/ul>\n\t\t\t\t\t\t<\/div>\n\t\t\t\t<\/div>\n\t\t\t\t\t<\/div>\n\t\t<\/div>\n\t\t\t\t\t<\/div>\n\t\t<\/section>\n\t\t\t\t<section class=\"elementor-section elementor-top-section elementor-element elementor-element-a16482f elementor-section-boxed elementor-section-height-default elementor-section-height-default\" data-id=\"a16482f\" data-element_type=\"section\" data-e-type=\"section\">\n\t\t\t\t\t\t<div class=\"elementor-container elementor-column-gap-default\">\n\t\t\t\t\t<div class=\"elementor-column elementor-col-100 elementor-top-column elementor-element elementor-element-e5e03dc\" data-id=\"e5e03dc\" data-element_type=\"column\" data-e-type=\"column\">\n\t\t\t<div class=\"elementor-widget-wrap elementor-element-populated\">\n\t\t\t\t\t\t<div class=\"elementor-element elementor-element-f0ff6de elementor-widget elementor-widget-spacer\" data-id=\"f0ff6de\" data-element_type=\"widget\" data-e-type=\"widget\" data-widget_type=\"spacer.default\">\n\t\t\t\t<div class=\"elementor-widget-container\">\n\t\t\t\t\t\t\t<div class=\"elementor-spacer\">\n\t\t\t<div class=\"elementor-spacer-inner\"><\/div>\n\t\t<\/div>\n\t\t\t\t\t\t<\/div>\n\t\t\t\t<\/div>\n\t\t\t\t\t<\/div>\n\t\t<\/div>\n\t\t\t\t\t<\/div>\n\t\t<\/section>\n\t\t\t\t<section class=\"elementor-section elementor-top-section elementor-element elementor-element-c3bd27e elementor-section-boxed elementor-section-height-default elementor-section-height-default\" data-id=\"c3bd27e\" data-element_type=\"section\" data-e-type=\"section\">\n\t\t\t\t\t\t<div class=\"elementor-container elementor-column-gap-default\">\n\t\t\t\t\t<div class=\"elementor-column elementor-col-20 elementor-top-column elementor-element elementor-element-dba7f2f\" data-id=\"dba7f2f\" data-element_type=\"column\" data-e-type=\"column\">\n\t\t\t<div class=\"elementor-widget-wrap elementor-element-populated\">\n\t\t\t\t\t\t<div class=\"elementor-element elementor-element-860fcbe elementor-view-default elementor-widget elementor-widget-icon\" data-id=\"860fcbe\" data-element_type=\"widget\" data-e-type=\"widget\" data-widget_type=\"icon.default\">\n\t\t\t\t<div class=\"elementor-widget-container\">\n\t\t\t\t\t\t\t<div class=\"elementor-icon-wrapper\">\n\t\t\t<div class=\"elementor-icon\">\n\t\t\t<svg xmlns=\"http:\/\/www.w3.org\/2000\/svg\" xmlns:xlink=\"http:\/\/www.w3.org\/1999\/xlink\" id=\"Capa_1\" x=\"0px\" y=\"0px\" viewBox=\"0 0 64.1 64.1\" style=\"enable-background:new 0 0 64.1 64.1;\" xml:space=\"preserve\"><style type=\"text\/css\">\t.st0{fill:#4D4D4D;}<\/style><title>UBICACION CASITA<\/title><g>\t<path class=\"st0\" d=\"M52.1,6.3h-39C9.7,6.3,7,9,7,12.4v39c0,3.4,2.8,6.1,6.1,6.1h39c3.4,0,6.1-2.8,6.1-6.1v-39  C58.2,9,55.4,6.3,52.1,6.3z M57,51.4c0,2.7-2.2,4.9-4.9,4.9h-39c-2.7,0-4.9-2.2-4.9-4.9v-39c0-2.7,2.2-4.9,4.9-4.9h39  c2.7,0,4.9,2.2,4.9,4.9V51.4z\"><\/path>\t<path class=\"st0\" d=\"M52.5,20c0.3,0,0.6-0.3,0.6-0.6c0-0.3-0.3-0.6-0.6-0.6h-6.8V12c0-0.3-0.3-0.6-0.6-0.6c-0.3,0-0.6,0.3-0.6,0.6  v6.8H33.2V12c0-0.3-0.3-0.6-0.6-0.6c-0.3,0-0.6,0.3-0.6,0.6v6.8H20.7V12c0-0.3-0.3-0.6-0.6-0.6c-0.3,0-0.6,0.3-0.6,0.6v6.8h-6.8  c-0.3,0-0.6,0.3-0.6,0.6c0,0.3,0.3,0.6,0.6,0.6H32v23.8h-4.5c-0.3,0-0.6,0.3-0.6,0.6c0,0.3,0.3,0.6,0.6,0.6H32v6.8  c0,0.3,0.3,0.6,0.6,0.6c0.3,0,0.6-0.3,0.6-0.6V45h11.3v6.8c0,0.3,0.3,0.6,0.6,0.6c0.3,0,0.6-0.3,0.6-0.6V45h6.8  c0.3,0,0.6-0.3,0.6-0.6c0-0.3-0.3-0.6-0.6-0.6h-6.8V32.5h6.8c0.3,0,0.6-0.3,0.6-0.6c0-0.3-0.3-0.6-0.6-0.6h-6.8V20H52.5z   M44.5,43.8H33.2V32.5h11.3V43.8z M44.5,31.3H33.2V20h11.3V31.3z\"><\/path>\t<path class=\"st0\" d=\"M20.3,23.9L20.3,23.9c-4.3,0-7.8,3.5-8,8c-0.2,6.6,7.3,13.7,7.6,14c0.1,0.1,0.3,0.2,0.4,0.2  c0.1,0,0.3-0.1,0.4-0.2c0.3-0.3,7.8-7.4,7.6-14C28.2,27.4,24.7,23.9,20.3,23.9z M20.3,44.6c-1.6-1.6-7-7.5-6.8-12.6  c0.1-3.8,3.1-6.8,6.8-6.8c3.7,0,6.6,3,6.8,6.8C27.3,37.1,21.9,43,20.3,44.6z\"><\/path>\t<path class=\"st0\" d=\"M20.3,28.1c-2.1,0-3.8,1.7-3.8,3.8c0,2.1,1.7,3.8,3.8,3.8c2.1,0,3.8-1.7,3.8-3.8  C24.2,29.8,22.5,28.1,20.3,28.1z M20.3,34.6c-1.4,0-2.6-1.2-2.6-2.6c0-1.4,1.2-2.6,2.6-2.6c1.4,0,2.6,1.2,2.6,2.6  C23,33.4,21.8,34.6,20.3,34.6z\"><\/path><\/g><\/svg>\t\t\t<\/div>\n\t\t<\/div>\n\t\t\t\t\t\t<\/div>\n\t\t\t\t<\/div>\n\t\t\t\t\t<\/div>\n\t\t<\/div>\n\t\t\t\t<div class=\"elementor-column elementor-col-20 elementor-top-column elementor-element elementor-element-0d611a6\" data-id=\"0d611a6\" data-element_type=\"column\" data-e-type=\"column\">\n\t\t\t<div class=\"elementor-widget-wrap elementor-element-populated\">\n\t\t\t\t\t\t<div class=\"elementor-element elementor-element-e79dbbe elementor-widget elementor-widget-text-editor\" data-id=\"e79dbbe\" data-element_type=\"widget\" data-e-type=\"widget\" data-widget_type=\"text-editor.default\">\n\t\t\t\t<div class=\"elementor-widget-container\">\n\t\t\t\t\t\t\t\t\t<p><strong><span style=\"font-size: 14pt;\">Cala Santa Cruz:<\/span><\/strong><\/p>\n<p>Otitla\u0301n del Valle esquina Andador Coyula, Mz. 8. Bahi\u0301a de Santa Cruz. Santa Mar\u00eda Huatulco. Oaxaca, Me\u0301xico.<\/p>\t\t\t\t\t\t\t\t<\/div>\n\t\t\t\t<\/div>\n\t\t\t\t\t<\/div>\n\t\t<\/div>\n\t\t\t\t<div class=\"elementor-column elementor-col-20 elementor-top-column elementor-element elementor-element-4e93f94\" data-id=\"4e93f94\" data-element_type=\"column\" data-e-type=\"column\">\n\t\t\t<div class=\"elementor-widget-wrap elementor-element-populated\">\n\t\t\t\t\t\t<div class=\"elementor-element elementor-element-79ab8c0 elementor-view-default elementor-widget elementor-widget-icon\" data-id=\"79ab8c0\" data-element_type=\"widget\" data-e-type=\"widget\" data-widget_type=\"icon.default\">\n\t\t\t\t<div class=\"elementor-widget-container\">\n\t\t\t\t\t\t\t<div class=\"elementor-icon-wrapper\">\n\t\t\t<div class=\"elementor-icon\">\n\t\t\t<svg xmlns=\"http:\/\/www.w3.org\/2000\/svg\" xmlns:xlink=\"http:\/\/www.w3.org\/1999\/xlink\" id=\"Capa_1\" x=\"0px\" y=\"0px\" viewBox=\"0 0 64.1 64.1\" style=\"enable-background:new 0 0 64.1 64.1;\" xml:space=\"preserve\"><style type=\"text\/css\">\t.st0{fill:#4D4D4D;}<\/style><title>UBICACION CASITA<\/title><g>\t<path class=\"st0\" d=\"M52.1,6.3h-39C9.7,6.3,7,9,7,12.4v39c0,3.4,2.8,6.1,6.1,6.1h39c3.4,0,6.1-2.8,6.1-6.1v-39  C58.2,9,55.4,6.3,52.1,6.3z M57,51.4c0,2.7-2.2,4.9-4.9,4.9h-39c-2.7,0-4.9-2.2-4.9-4.9v-39c0-2.7,2.2-4.9,4.9-4.9h39  c2.7,0,4.9,2.2,4.9,4.9V51.4z\"><\/path>\t<path class=\"st0\" d=\"M52.5,20c0.3,0,0.6-0.3,0.6-0.6c0-0.3-0.3-0.6-0.6-0.6h-6.8V12c0-0.3-0.3-0.6-0.6-0.6c-0.3,0-0.6,0.3-0.6,0.6  v6.8H33.2V12c0-0.3-0.3-0.6-0.6-0.6c-0.3,0-0.6,0.3-0.6,0.6v6.8H20.7V12c0-0.3-0.3-0.6-0.6-0.6c-0.3,0-0.6,0.3-0.6,0.6v6.8h-6.8  c-0.3,0-0.6,0.3-0.6,0.6c0,0.3,0.3,0.6,0.6,0.6H32v23.8h-4.5c-0.3,0-0.6,0.3-0.6,0.6c0,0.3,0.3,0.6,0.6,0.6H32v6.8  c0,0.3,0.3,0.6,0.6,0.6c0.3,0,0.6-0.3,0.6-0.6V45h11.3v6.8c0,0.3,0.3,0.6,0.6,0.6c0.3,0,0.6-0.3,0.6-0.6V45h6.8  c0.3,0,0.6-0.3,0.6-0.6c0-0.3-0.3-0.6-0.6-0.6h-6.8V32.5h6.8c0.3,0,0.6-0.3,0.6-0.6c0-0.3-0.3-0.6-0.6-0.6h-6.8V20H52.5z   M44.5,43.8H33.2V32.5h11.3V43.8z M44.5,31.3H33.2V20h11.3V31.3z\"><\/path>\t<path class=\"st0\" d=\"M20.3,23.9L20.3,23.9c-4.3,0-7.8,3.5-8,8c-0.2,6.6,7.3,13.7,7.6,14c0.1,0.1,0.3,0.2,0.4,0.2  c0.1,0,0.3-0.1,0.4-0.2c0.3-0.3,7.8-7.4,7.6-14C28.2,27.4,24.7,23.9,20.3,23.9z M20.3,44.6c-1.6-1.6-7-7.5-6.8-12.6  c0.1-3.8,3.1-6.8,6.8-6.8c3.7,0,6.6,3,6.8,6.8C27.3,37.1,21.9,43,20.3,44.6z\"><\/path>\t<path class=\"st0\" d=\"M20.3,28.1c-2.1,0-3.8,1.7-3.8,3.8c0,2.1,1.7,3.8,3.8,3.8c2.1,0,3.8-1.7,3.8-3.8  C24.2,29.8,22.5,28.1,20.3,28.1z M20.3,34.6c-1.4,0-2.6-1.2-2.6-2.6c0-1.4,1.2-2.6,2.6-2.6c1.4,0,2.6,1.2,2.6,2.6  C23,33.4,21.8,34.6,20.3,34.6z\"><\/path><\/g><\/svg>\t\t\t<\/div>\n\t\t<\/div>\n\t\t\t\t\t\t<\/div>\n\t\t\t\t<\/div>\n\t\t\t\t\t<\/div>\n\t\t<\/div>\n\t\t\t\t<div class=\"elementor-column elementor-col-20 elementor-top-column elementor-element elementor-element-61f24ac\" data-id=\"61f24ac\" data-element_type=\"column\" data-e-type=\"column\">\n\t\t\t<div class=\"elementor-widget-wrap elementor-element-populated\">\n\t\t\t\t\t\t<div class=\"elementor-element elementor-element-eb3c9b7 elementor-widget elementor-widget-text-editor\" data-id=\"eb3c9b7\" data-element_type=\"widget\" data-e-type=\"widget\" data-widget_type=\"text-editor.default\">\n\t\t\t\t<div class=\"elementor-widget-container\">\n\t\t\t\t\t\t\t\t\t<p><strong><span style=\"font-size: 14pt;\">Cala Chahu\u00e9:<\/span><\/strong><\/p>\n<p>Lote 14, manzana 9 Sector L. Guelaguetza zona urbana Chahu\u00e9 del sector L.&nbsp;<span style=\"letter-spacing: 0px; background-color: var( --e-global-color-9947692 ); color: var( --e-global-color-accent ); font-size: var( --e-global-typography-text-font-size ); font-weight: var( --e-global-typography-text-font-weight ); text-transform: var(--bodytexttransform);\">Bah\u00edas de Huatulco, Oaxaca.<\/span><\/p>\t\t\t\t\t\t\t\t<\/div>\n\t\t\t\t<\/div>\n\t\t\t\t\t<\/div>\n\t\t<\/div>\n\t\t\t\t<div class=\"elementor-column elementor-col-20 elementor-top-column elementor-element elementor-element-9a6eab1\" data-id=\"9a6eab1\" data-element_type=\"column\" data-e-type=\"column\">\n\t\t\t<div class=\"elementor-widget-wrap elementor-element-populated\">\n\t\t\t\t\t\t\t<\/div>\n\t\t<\/div>\n\t\t\t\t\t<\/div>\n\t\t<\/section>\n\t\t\t\t<\/div>\n\t\t","protected":false},"excerpt":{"rendered":"<p>Contactar con un agente: Por favor, d\u00e9janos tus datos, uno de nuestros representantes atender\u00e1 tu solicitud lo antes posible. Mapa de Ubicaci\u00f3n Informaci\u00f3n de Contacto: Whatsapp +52 (958) 101-5739 info@calahuatulco.com UBICACION CASITA Cala Santa Cruz: Otitla\u0301n del Valle esquina Andador Coyula, Mz. 8. Bahi\u0301a de Santa Cruz. Santa Mar\u00eda Huatulco. Oaxaca, Me\u0301xico. UBICACION CASITA Cala&hellip;&nbsp;<a href=\"https:\/\/calahuatulco.com\/en\/contacto\/\" rel=\"bookmark\">Read More &raquo;<span class=\"screen-reader-text\">CONTACT<\/span><\/a><\/p>","protected":false},"author":1,"featured_media":0,"parent":0,"menu_order":0,"comment_status":"closed","ping_status":"closed","template":"page-templates\/template-pagebuilder-full-width.php","meta":{"om_disable_all_campaigns":false,"_monsterinsights_skip_tracking":false,"_monsterinsights_sitenote_active":false,"_monsterinsights_sitenote_note":"","_monsterinsights_sitenote_category":0,"_uf_show_specific_survey":0,"_uf_disable_surveys":false,"neve_meta_sidebar":"","neve_meta_container":"","neve_meta_enable_content_width":"off","neve_meta_content_width":100,"neve_meta_title_alignment":"","neve_meta_author_avatar":"","neve_post_elements_order":"","neve_meta_disable_header":"","neve_meta_disable_footer":"","neve_meta_disable_title":"","footnotes":""},"class_list":["post-1342","page","type-page","status-publish","hentry"],"aioseo_notices":[],"_links":{"self":[{"href":"https:\/\/calahuatulco.com\/en\/wp-json\/wp\/v2\/pages\/1342","targetHints":{"allow":["GET"]}}],"collection":[{"href":"https:\/\/calahuatulco.com\/en\/wp-json\/wp\/v2\/pages"}],"about":[{"href":"https:\/\/calahuatulco.com\/en\/wp-json\/wp\/v2\/types\/page"}],"author":[{"embeddable":true,"href":"https:\/\/calahuatulco.com\/en\/wp-json\/wp\/v2\/users\/1"}],"replies":[{"embeddable":true,"href":"https:\/\/calahuatulco.com\/en\/wp-json\/wp\/v2\/comments?post=1342"}],"version-history":[{"count":197,"href":"https:\/\/calahuatulco.com\/en\/wp-json\/wp\/v2\/pages\/1342\/revisions"}],"predecessor-version":[{"id":9651,"href":"https:\/\/calahuatulco.com\/en\/wp-json\/wp\/v2\/pages\/1342\/revisions\/9651"}],"wp:attachment":[{"href":"https:\/\/calahuatulco.com\/en\/wp-json\/wp\/v2\/media?parent=1342"}],"curies":[{"name":"wp","href":"https:\/\/api.w.org\/{rel}","templated":true}]}}