{"id":2630,"date":"2023-03-13T02:00:06","date_gmt":"2023-03-13T02:00:06","guid":{"rendered":"https:\/\/calahuatulco.com\/?page_id=2630"},"modified":"2024-07-08T23:34:41","modified_gmt":"2024-07-08T23:34:41","slug":"blog-2","status":"publish","type":"page","link":"https:\/\/calahuatulco.com\/en\/blog-2\/","title":{"rendered":"BLOG"},"content":{"rendered":"<div data-elementor-type=\"wp-page\" data-elementor-id=\"2630\" class=\"elementor elementor-2630\" data-elementor-post-type=\"page\">\n\t\t\t\t\t\t<section class=\"elementor-section elementor-top-section elementor-element elementor-element-6f5eaae elementor-section-boxed elementor-section-height-default elementor-section-height-default\" data-id=\"6f5eaae\" data-element_type=\"section\" data-e-type=\"section\">\n\t\t\t\t\t\t<div class=\"elementor-container elementor-column-gap-default\">\n\t\t\t\t\t<div class=\"elementor-column elementor-col-100 elementor-top-column elementor-element elementor-element-40cb4e6\" data-id=\"40cb4e6\" data-element_type=\"column\" data-e-type=\"column\">\n\t\t\t<div class=\"elementor-widget-wrap elementor-element-populated\">\n\t\t\t\t\t\t<div class=\"elementor-element elementor-element-9014b1e elementor-widget elementor-widget-spacer\" data-id=\"9014b1e\" data-element_type=\"widget\" data-e-type=\"widget\" data-widget_type=\"spacer.default\">\n\t\t\t\t<div class=\"elementor-widget-container\">\n\t\t\t\t\t\t\t<div class=\"elementor-spacer\">\n\t\t\t<div class=\"elementor-spacer-inner\"><\/div>\n\t\t<\/div>\n\t\t\t\t\t\t<\/div>\n\t\t\t\t<\/div>\n\t\t\t\t\t<\/div>\n\t\t<\/div>\n\t\t\t\t\t<\/div>\n\t\t<\/section>\n\t\t\t\t<section class=\"elementor-section elementor-top-section elementor-element elementor-element-9d9a52c elementor-section-boxed elementor-section-height-default elementor-section-height-default\" data-id=\"9d9a52c\" data-element_type=\"section\" data-e-type=\"section\">\n\t\t\t\t\t\t<div class=\"elementor-container elementor-column-gap-default\">\n\t\t\t\t\t<div class=\"elementor-column elementor-col-100 elementor-top-column elementor-element elementor-element-447d33b\" data-id=\"447d33b\" data-element_type=\"column\" data-e-type=\"column\">\n\t\t\t<div class=\"elementor-widget-wrap\">\n\t\t\t\t\t\t\t<\/div>\n\t\t<\/div>\n\t\t\t\t\t<\/div>\n\t\t<\/section>\n\t\t\t\t<section class=\"elementor-section elementor-top-section elementor-element elementor-element-86d2428 elementor-section-boxed elementor-section-height-default elementor-section-height-default\" data-id=\"86d2428\" data-element_type=\"section\" data-e-type=\"section\">\n\t\t\t\t\t\t<div class=\"elementor-container elementor-column-gap-default\">\n\t\t\t\t\t<div class=\"elementor-column elementor-col-50 elementor-top-column elementor-element elementor-element-c73202e\" data-id=\"c73202e\" data-element_type=\"column\" data-e-type=\"column\">\n\t\t\t<div class=\"elementor-widget-wrap elementor-element-populated\">\n\t\t\t\t\t\t<div class=\"elementor-element elementor-element-ec097aa elementor-grid-3 elementor-grid-tablet-2 elementor-grid-mobile-1 elementor-posts--thumbnail-top elementor-card-shadow-yes elementor-posts__hover-gradient elementor-widget elementor-widget-posts\" data-id=\"ec097aa\" data-element_type=\"widget\" data-e-type=\"widget\" data-settings=\"{&quot;pagination_type&quot;:&quot;load_more_infinite_scroll&quot;,&quot;cards_columns&quot;:&quot;3&quot;,&quot;cards_columns_tablet&quot;:&quot;2&quot;,&quot;cards_columns_mobile&quot;:&quot;1&quot;,&quot;cards_row_gap&quot;:{&quot;unit&quot;:&quot;px&quot;,&quot;size&quot;:35,&quot;sizes&quot;:[]},&quot;cards_row_gap_tablet&quot;:{&quot;unit&quot;:&quot;px&quot;,&quot;size&quot;:&quot;&quot;,&quot;sizes&quot;:[]},&quot;cards_row_gap_mobile_extra&quot;:{&quot;unit&quot;:&quot;px&quot;,&quot;size&quot;:&quot;&quot;,&quot;sizes&quot;:[]},&quot;cards_row_gap_mobile&quot;:{&quot;unit&quot;:&quot;px&quot;,&quot;size&quot;:&quot;&quot;,&quot;sizes&quot;:[]},&quot;load_more_spinner&quot;:{&quot;value&quot;:&quot;fas fa-spinner&quot;,&quot;library&quot;:&quot;fa-solid&quot;}}\" data-widget_type=\"posts.cards\">\n\t\t\t\t<div class=\"elementor-widget-container\">\n\t\t\t\t\t\t\t<div class=\"elementor-posts-container elementor-posts elementor-posts--skin-cards elementor-grid\" role=\"list\">\n\t\t\t\t<article class=\"elementor-post elementor-grid-item post-10863 post type-post status-publish format-standard has-post-thumbnail hentry category-sin-categoria-es tag-huatulco\" role=\"listitem\">\n\t\t\t<div class=\"elementor-post__card\">\n\t\t\t\t<a class=\"elementor-post__thumbnail__link\" href=\"https:\/\/calahuatulco.com\/en\/10-reasons-to-call-santa-cruz-huatulco-home\/\" tabindex=\"-1\" ><div class=\"elementor-post__thumbnail\"><img fetchpriority=\"high\" decoding=\"async\" width=\"300\" height=\"225\" src=\"https:\/\/calahuatulco.com\/wp-content\/uploads\/2026\/03\/Santa-Cruz-5-300x225.jpg\" class=\"attachment-medium size-medium wp-image-10868\" alt=\"\" srcset=\"https:\/\/calahuatulco.com\/wp-content\/uploads\/2026\/03\/Santa-Cruz-5-300x225.jpg 300w, https:\/\/calahuatulco.com\/wp-content\/uploads\/2026\/03\/Santa-Cruz-5-1024x768.jpg 1024w, https:\/\/calahuatulco.com\/wp-content\/uploads\/2026\/03\/Santa-Cruz-5-768x576.jpg 768w, https:\/\/calahuatulco.com\/wp-content\/uploads\/2026\/03\/Santa-Cruz-5-1536x1152.jpg 1536w, https:\/\/calahuatulco.com\/wp-content\/uploads\/2026\/03\/Santa-Cruz-5-16x12.jpg 16w, https:\/\/calahuatulco.com\/wp-content\/uploads\/2026\/03\/Santa-Cruz-5.jpg 2000w\" sizes=\"(max-width: 300px) 100vw, 300px\" \/><\/div><\/a>\n\t\t\t\t<div class=\"elementor-post__text\">\n\t\t\t\t<h3 class=\"elementor-post__title\">\n\t\t\t<a href=\"https:\/\/calahuatulco.com\/en\/10-reasons-to-call-santa-cruz-huatulco-home\/\" >\n\t\t\t\t10 REASONS TO CALL SANTA CRUZ, HUATULCO HOME\t\t\t<\/a>\n\t\t<\/h3>\n\t\t\t\t<div class=\"elementor-post__excerpt\">\n\t\t\t<p>Huatulco is a charming destination in southeastern Mexico. Its warm waters and the natural beauty that surrounds it will make you fall in love almost<\/p>\n\t\t<\/div>\n\t\t\n\t\t<a class=\"elementor-post__read-more\" href=\"https:\/\/calahuatulco.com\/en\/10-reasons-to-call-santa-cruz-huatulco-home\/\" aria-label=\"Read more about 10 REASONS TO CALL SANTA CRUZ, HUATULCO HOME\" tabindex=\"-1\" >\n\t\t\tContinuar Leyendo &gt;&gt;\t\t<\/a>\n\n\t\t\t\t<\/div>\n\t\t\t\t<div class=\"elementor-post__meta-data\">\n\t\t\t\t\t<span class=\"elementor-post-date\">\n\t\t\tMarch 26, 2026\t\t<\/span>\n\t\t\t\t<\/div>\n\t\t\t\t\t<\/div>\n\t\t<\/article>\n\t\t\t\t<article class=\"elementor-post elementor-grid-item post-10458 post type-post status-publish format-standard has-post-thumbnail hentry category-sin-categoria-es\" role=\"listitem\">\n\t\t\t<div class=\"elementor-post__card\">\n\t\t\t\t<a class=\"elementor-post__thumbnail__link\" href=\"https:\/\/calahuatulco.com\/en\/la-guelaguetza-simbolo-de-generosidad-y-tradicion\/\" tabindex=\"-1\" ><div class=\"elementor-post__thumbnail\"><img decoding=\"async\" width=\"300\" height=\"200\" src=\"https:\/\/calahuatulco.com\/wp-content\/uploads\/2024\/07\/photo_2024-07-17-18.40.17-300x200.jpeg\" class=\"attachment-medium size-medium wp-image-10472\" alt=\"\" srcset=\"https:\/\/calahuatulco.com\/wp-content\/uploads\/2024\/07\/photo_2024-07-17-18.40.17-300x200.jpeg 300w, https:\/\/calahuatulco.com\/wp-content\/uploads\/2024\/07\/photo_2024-07-17-18.40.17-768x511.jpeg 768w, https:\/\/calahuatulco.com\/wp-content\/uploads\/2024\/07\/photo_2024-07-17-18.40.17-18x12.jpeg 18w, https:\/\/calahuatulco.com\/wp-content\/uploads\/2024\/07\/photo_2024-07-17-18.40.17.jpeg 800w\" sizes=\"(max-width: 300px) 100vw, 300px\" \/><\/div><\/a>\n\t\t\t\t<div class=\"elementor-post__text\">\n\t\t\t\t<h3 class=\"elementor-post__title\">\n\t\t\t<a href=\"https:\/\/calahuatulco.com\/en\/la-guelaguetza-simbolo-de-generosidad-y-tradicion\/\" >\n\t\t\t\tLa Guelaguetza: s\u00edmbolo de generosidad y tradici\u00f3n\t\t\t<\/a>\n\t\t<\/h3>\n\t\t\t\t<div class=\"elementor-post__excerpt\">\n\t\t\t<p>El t\u00e9rmino Guelaguetza, deriva de la palabra zapoteca&nbsp;guendalezaa&nbsp;que significa \u201cofrenda, presente o cumplimiento\u201d (Pe\u00f1a, 2023, p\u00e1rr. 1). Esta acci\u00f3n de dar y compartir es una<\/p>\n\t\t<\/div>\n\t\t\n\t\t<a class=\"elementor-post__read-more\" href=\"https:\/\/calahuatulco.com\/en\/la-guelaguetza-simbolo-de-generosidad-y-tradicion\/\" aria-label=\"Read more about La Guelaguetza: s\u00edmbolo de generosidad y tradici\u00f3n\" tabindex=\"-1\" >\n\t\t\tContinuar Leyendo &gt;&gt;\t\t<\/a>\n\n\t\t\t\t<\/div>\n\t\t\t\t<div class=\"elementor-post__meta-data\">\n\t\t\t\t\t<span class=\"elementor-post-date\">\n\t\t\tJuly 17, 2024\t\t<\/span>\n\t\t\t\t<\/div>\n\t\t\t\t\t<\/div>\n\t\t<\/article>\n\t\t\t\t<article class=\"elementor-post elementor-grid-item post-10447 post type-post status-publish format-standard has-post-thumbnail hentry category-huatulco\" role=\"listitem\">\n\t\t\t<div class=\"elementor-post__card\">\n\t\t\t\t<a class=\"elementor-post__thumbnail__link\" href=\"https:\/\/calahuatulco.com\/en\/huatulco-un-oasis-de-bienestar-en-tiempos-de-incertidumbre-2\/\" tabindex=\"-1\" ><div class=\"elementor-post__thumbnail\"><img decoding=\"async\" width=\"300\" height=\"225\" src=\"https:\/\/calahuatulco.com\/wp-content\/uploads\/2024\/07\/IMG_2382-300x225.jpg\" class=\"attachment-medium size-medium wp-image-10455\" alt=\"\" srcset=\"https:\/\/calahuatulco.com\/wp-content\/uploads\/2024\/07\/IMG_2382-300x225.jpg 300w, https:\/\/calahuatulco.com\/wp-content\/uploads\/2024\/07\/IMG_2382-1024x768.jpg 1024w, https:\/\/calahuatulco.com\/wp-content\/uploads\/2024\/07\/IMG_2382-768x576.jpg 768w, https:\/\/calahuatulco.com\/wp-content\/uploads\/2024\/07\/IMG_2382-1536x1152.jpg 1536w, https:\/\/calahuatulco.com\/wp-content\/uploads\/2024\/07\/IMG_2382-16x12.jpg 16w, https:\/\/calahuatulco.com\/wp-content\/uploads\/2024\/07\/IMG_2382.jpg 2048w\" sizes=\"(max-width: 300px) 100vw, 300px\" \/><\/div><\/a>\n\t\t\t\t<div class=\"elementor-post__text\">\n\t\t\t\t<h3 class=\"elementor-post__title\">\n\t\t\t<a href=\"https:\/\/calahuatulco.com\/en\/huatulco-un-oasis-de-bienestar-en-tiempos-de-incertidumbre-2\/\" >\n\t\t\t\tHuatulco: Un oasis de bienestar en tiempos de incertidumbre.\t\t\t<\/a>\n\t\t<\/h3>\n\t\t\t\t<div class=\"elementor-post__excerpt\">\n\t\t\t<p>La pandemia nos oblig\u00f3 a replantearnos muchas cosas, entre ellas, nuestro estilo de vida y d\u00f3nde elegimos vivir. Huatulco, con su entorno natural privilegiado, se<\/p>\n\t\t<\/div>\n\t\t\n\t\t<a class=\"elementor-post__read-more\" href=\"https:\/\/calahuatulco.com\/en\/huatulco-un-oasis-de-bienestar-en-tiempos-de-incertidumbre-2\/\" aria-label=\"Read more about Huatulco: Un oasis de bienestar en tiempos de incertidumbre.\" tabindex=\"-1\" >\n\t\t\tContinuar Leyendo &gt;&gt;\t\t<\/a>\n\n\t\t\t\t<\/div>\n\t\t\t\t<div class=\"elementor-post__meta-data\">\n\t\t\t\t\t<span class=\"elementor-post-date\">\n\t\t\tJuly 10, 2024\t\t<\/span>\n\t\t\t\t<\/div>\n\t\t\t\t\t<\/div>\n\t\t<\/article>\n\t\t\t\t<article class=\"elementor-post elementor-grid-item post-10409 post type-post status-publish format-standard has-post-thumbnail hentry category-huatulco category-sin-categoria-es tag-huatulco\" role=\"listitem\">\n\t\t\t<div class=\"elementor-post__card\">\n\t\t\t\t<a class=\"elementor-post__thumbnail__link\" href=\"https:\/\/calahuatulco.com\/en\/beneficios-de-la-playa-en-la-salud-el-poder-del-agua-de-mar\/\" tabindex=\"-1\" ><div class=\"elementor-post__thumbnail\"><img loading=\"lazy\" decoding=\"async\" width=\"300\" height=\"186\" src=\"https:\/\/calahuatulco.com\/wp-content\/uploads\/2024\/06\/stones-on-the-seashore-2023-11-27-05-19-47-utc-300x186.jpg\" class=\"attachment-medium size-medium wp-image-10398\" alt=\"\" srcset=\"https:\/\/calahuatulco.com\/wp-content\/uploads\/2024\/06\/stones-on-the-seashore-2023-11-27-05-19-47-utc-300x186.jpg 300w, https:\/\/calahuatulco.com\/wp-content\/uploads\/2024\/06\/stones-on-the-seashore-2023-11-27-05-19-47-utc-1024x633.jpg 1024w, https:\/\/calahuatulco.com\/wp-content\/uploads\/2024\/06\/stones-on-the-seashore-2023-11-27-05-19-47-utc-768x475.jpg 768w, https:\/\/calahuatulco.com\/wp-content\/uploads\/2024\/06\/stones-on-the-seashore-2023-11-27-05-19-47-utc-1536x950.jpg 1536w, https:\/\/calahuatulco.com\/wp-content\/uploads\/2024\/06\/stones-on-the-seashore-2023-11-27-05-19-47-utc-2048x1266.jpg 2048w, https:\/\/calahuatulco.com\/wp-content\/uploads\/2024\/06\/stones-on-the-seashore-2023-11-27-05-19-47-utc-18x12.jpg 18w\" sizes=\"(max-width: 300px) 100vw, 300px\" \/><\/div><\/a>\n\t\t\t\t<div class=\"elementor-post__text\">\n\t\t\t\t<h3 class=\"elementor-post__title\">\n\t\t\t<a href=\"https:\/\/calahuatulco.com\/en\/beneficios-de-la-playa-en-la-salud-el-poder-del-agua-de-mar\/\" >\n\t\t\t\tBeneficios de la playa en la salud: el poder del agua de mar\t\t\t<\/a>\n\t\t<\/h3>\n\t\t\t\t<div class=\"elementor-post__excerpt\">\n\t\t\t<p>La playa ofrece la oportunidad de disfrutar de hermosos atardeceres y relajarse en sus finas arenas. Sin embargo, no son los \u00fanicos beneficios de que<\/p>\n\t\t<\/div>\n\t\t\n\t\t<a class=\"elementor-post__read-more\" href=\"https:\/\/calahuatulco.com\/en\/beneficios-de-la-playa-en-la-salud-el-poder-del-agua-de-mar\/\" aria-label=\"Read more about Beneficios de la playa en la salud: el poder del agua de mar\" tabindex=\"-1\" >\n\t\t\tContinuar Leyendo &gt;&gt;\t\t<\/a>\n\n\t\t\t\t<\/div>\n\t\t\t\t<div class=\"elementor-post__meta-data\">\n\t\t\t\t\t<span class=\"elementor-post-date\">\n\t\t\tJune 11, 2024\t\t<\/span>\n\t\t\t\t<\/div>\n\t\t\t\t\t<\/div>\n\t\t<\/article>\n\t\t\t\t<article class=\"elementor-post elementor-grid-item post-10389 post type-post status-publish format-standard has-post-thumbnail hentry category-sin-categoria-es\" role=\"listitem\">\n\t\t\t<div class=\"elementor-post__card\">\n\t\t\t\t<a class=\"elementor-post__thumbnail__link\" href=\"https:\/\/calahuatulco.com\/en\/como-surge-el-concepto-de-cala-condos-lofts\/\" tabindex=\"-1\" ><div class=\"elementor-post__thumbnail\"><img loading=\"lazy\" decoding=\"async\" width=\"300\" height=\"233\" src=\"https:\/\/calahuatulco.com\/wp-content\/uploads\/2024\/05\/Team-Cala-Chahue-300x233.jpg\" class=\"attachment-medium size-medium wp-image-10390\" alt=\"\" srcset=\"https:\/\/calahuatulco.com\/wp-content\/uploads\/2024\/05\/Team-Cala-Chahue-300x233.jpg 300w, https:\/\/calahuatulco.com\/wp-content\/uploads\/2024\/05\/Team-Cala-Chahue-1024x796.jpg 1024w, https:\/\/calahuatulco.com\/wp-content\/uploads\/2024\/05\/Team-Cala-Chahue-768x597.jpg 768w, https:\/\/calahuatulco.com\/wp-content\/uploads\/2024\/05\/Team-Cala-Chahue-15x12.jpg 15w, https:\/\/calahuatulco.com\/wp-content\/uploads\/2024\/05\/Team-Cala-Chahue.jpg 1390w\" sizes=\"(max-width: 300px) 100vw, 300px\" \/><\/div><\/a>\n\t\t\t\t<div class=\"elementor-post__text\">\n\t\t\t\t<h3 class=\"elementor-post__title\">\n\t\t\t<a href=\"https:\/\/calahuatulco.com\/en\/como-surge-el-concepto-de-cala-condos-lofts\/\" >\n\t\t\t\t\u00bfC\u00f3mo surge el concepto de Cala Condos &amp; Lofts?\t\t\t<\/a>\n\t\t<\/h3>\n\t\t\t\t<div class=\"elementor-post__excerpt\">\n\t\t\t<p>A 4 a\u00f1os del inicio de Cala Condos &amp; Lofts, hoy en d\u00eda lidera un concepto \u00fanico en construcci\u00f3n en las Bah\u00edas de Huatulco. Sus<\/p>\n\t\t<\/div>\n\t\t\n\t\t<a class=\"elementor-post__read-more\" href=\"https:\/\/calahuatulco.com\/en\/como-surge-el-concepto-de-cala-condos-lofts\/\" aria-label=\"Read more about \u00bfC\u00f3mo surge el concepto de Cala Condos &amp; Lofts?\" tabindex=\"-1\" >\n\t\t\tContinuar Leyendo &gt;&gt;\t\t<\/a>\n\n\t\t\t\t<\/div>\n\t\t\t\t<div class=\"elementor-post__meta-data\">\n\t\t\t\t\t<span class=\"elementor-post-date\">\n\t\t\tMay 31, 2024\t\t<\/span>\n\t\t\t\t<\/div>\n\t\t\t\t\t<\/div>\n\t\t<\/article>\n\t\t\t\t<article class=\"elementor-post elementor-grid-item post-10380 post type-post status-publish format-standard has-post-thumbnail hentry category-blog category-sin-categoria-es\" role=\"listitem\">\n\t\t\t<div class=\"elementor-post__card\">\n\t\t\t\t<a class=\"elementor-post__thumbnail__link\" href=\"https:\/\/calahuatulco.com\/en\/vacaciones-de-verano-en-huatulco\/\" tabindex=\"-1\" ><div class=\"elementor-post__thumbnail\"><img loading=\"lazy\" decoding=\"async\" width=\"300\" height=\"200\" src=\"https:\/\/calahuatulco.com\/wp-content\/uploads\/2024\/05\/young-woman-on-a-sandy-beach-of-a-tropical-sea-2023-11-27-04-50-03-utc-300x200.jpg\" class=\"attachment-medium size-medium wp-image-10383\" alt=\"\" srcset=\"https:\/\/calahuatulco.com\/wp-content\/uploads\/2024\/05\/young-woman-on-a-sandy-beach-of-a-tropical-sea-2023-11-27-04-50-03-utc-300x200.jpg 300w, https:\/\/calahuatulco.com\/wp-content\/uploads\/2024\/05\/young-woman-on-a-sandy-beach-of-a-tropical-sea-2023-11-27-04-50-03-utc-1024x683.jpg 1024w, https:\/\/calahuatulco.com\/wp-content\/uploads\/2024\/05\/young-woman-on-a-sandy-beach-of-a-tropical-sea-2023-11-27-04-50-03-utc-768x512.jpg 768w, https:\/\/calahuatulco.com\/wp-content\/uploads\/2024\/05\/young-woman-on-a-sandy-beach-of-a-tropical-sea-2023-11-27-04-50-03-utc-1536x1024.jpg 1536w, https:\/\/calahuatulco.com\/wp-content\/uploads\/2024\/05\/young-woman-on-a-sandy-beach-of-a-tropical-sea-2023-11-27-04-50-03-utc-2048x1366.jpg 2048w, https:\/\/calahuatulco.com\/wp-content\/uploads\/2024\/05\/young-woman-on-a-sandy-beach-of-a-tropical-sea-2023-11-27-04-50-03-utc-18x12.jpg 18w, https:\/\/calahuatulco.com\/wp-content\/uploads\/2024\/05\/young-woman-on-a-sandy-beach-of-a-tropical-sea-2023-11-27-04-50-03-utc-930x620.jpg 930w\" sizes=\"(max-width: 300px) 100vw, 300px\" \/><\/div><\/a>\n\t\t\t\t<div class=\"elementor-post__text\">\n\t\t\t\t<h3 class=\"elementor-post__title\">\n\t\t\t<a href=\"https:\/\/calahuatulco.com\/en\/vacaciones-de-verano-en-huatulco\/\" >\n\t\t\t\tVacaciones de verano en Huatulco\t\t\t<\/a>\n\t\t<\/h3>\n\t\t\t\t<div class=\"elementor-post__excerpt\">\n\t\t\t<p>Si a\u00fan no conoces el Pac\u00edfico Mexicano, definitivamente tienes que empezar por visitar las Bah\u00edas de Huatulco. Con una ubicaci\u00f3n perfecta que est\u00e1 muy bien<\/p>\n\t\t<\/div>\n\t\t\n\t\t<a class=\"elementor-post__read-more\" href=\"https:\/\/calahuatulco.com\/en\/vacaciones-de-verano-en-huatulco\/\" aria-label=\"Read more about Vacaciones de verano en Huatulco\" tabindex=\"-1\" >\n\t\t\tContinuar Leyendo &gt;&gt;\t\t<\/a>\n\n\t\t\t\t<\/div>\n\t\t\t\t<div class=\"elementor-post__meta-data\">\n\t\t\t\t\t<span class=\"elementor-post-date\">\n\t\t\tMay 24, 2024\t\t<\/span>\n\t\t\t\t<\/div>\n\t\t\t\t\t<\/div>\n\t\t<\/article>\n\t\t\t\t<\/div>\n\t\t\t\t\t<span class=\"e-load-more-spinner\">\n\t\t\t\t<i aria-hidden=\"true\" class=\"fas fa-spinner\"><\/i>\t\t\t<\/span>\n\t\t\n\t\t\t\t<div class=\"e-load-more-anchor\" data-page=\"1\" data-max-page=\"13\" data-next-page=\"https:\/\/calahuatulco.com\/en\/wp-json\/wp\/v2\/pages\/2630\/page\/2\/\"><\/div>\n\t\t\t\t<div class=\"e-load-more-message\">No hay m\u00e1s posts<\/div>\n\t\t\t\t\t\t<\/div>\n\t\t\t\t<\/div>\n\t\t\t\t\t<\/div>\n\t\t<\/div>\n\t\t\t\t<div class=\"elementor-column elementor-col-50 elementor-top-column elementor-element elementor-element-a74ef95\" data-id=\"a74ef95\" data-element_type=\"column\" data-e-type=\"column\">\n\t\t\t<div class=\"elementor-widget-wrap elementor-element-populated\">\n\t\t\t\t\t\t<div class=\"elementor-element elementor-element-b85fd4e elementor-widget__width-inherit elementor-hidden-mobile elementor-widget elementor-widget-sidebar\" data-id=\"b85fd4e\" data-element_type=\"widget\" data-e-type=\"widget\" data-widget_type=\"sidebar.default\">\n\t\t\t\t<div class=\"elementor-widget-container\">\n\t\t\t\t\t<div id=\"block-2\" class=\"widget widget_block widget_search\"><form role=\"search\" method=\"get\" action=\"https:\/\/calahuatulco.com\/en\/\" class=\"wp-block-search__button-outside wp-block-search__icon-button wp-block-search\" data-trp-original-action=\"https:\/\/calahuatulco.com\/en\/\"    ><label class=\"wp-block-search__label screen-reader-text\" for=\"wp-block-search__input-1\"  style=\"text-transform: lowercase\">Search<\/label><div class=\"wp-block-search__inside-wrapper\"  style=\"width: 100%\"><input class=\"wp-block-search__input has-small-font-size\" id=\"wp-block-search__input-1\" placeholder=\"\" value=\"\" type=\"search\" name=\"s\" required style=\"text-transform: lowercase\"\/><button aria-label=\"Search\" class=\"wp-block-search__button has-text-color has-neve-text-color-color has-background has-nv-site-bg-background-color has-small-font-size has-icon wp-element-button\" type=\"submit\"  style=\"text-transform: lowercase\"><svg class=\"search-icon\" viewbox=\"0 0 24 24\" width=\"24\" height=\"24\">\n\t\t\t\t\t<path d=\"M13 5c-3.3 0-6 2.7-6 6 0 1.4.5 2.7 1.3 3.7l-3.8 3.8 1.1 1.1 3.8-3.8c1 .8 2.3 1.3 3.7 1.3 3.3 0 6-2.7 6-6S16.3 5 13 5zm0 10.5c-2.5 0-4.5-2-4.5-4.5s2-4.5 4.5-4.5 4.5 2 4.5 4.5-2 4.5-4.5 4.5z\"><\/path>\n\t\t\t\t<\/svg><\/button><\/div><input type=\"hidden\" name=\"trp-form-language\" value=\"en\"\/><\/form><\/div><div id=\"block-3\" class=\"widget widget_block\">\n<div class=\"wp-block-group\"><div class=\"wp-block-group__inner-container is-layout-flow wp-block-group-is-layout-flow\">\n<h6 class=\"has-neve-text-color-color has-text-color wp-block-heading\">Recent Posts<\/h6>\n\n\n<ul class=\"wp-block-latest-posts__list has-dates wp-block-latest-posts has-small-font-size\"><li><a class=\"wp-block-latest-posts__post-title\" href=\"https:\/\/calahuatulco.com\/en\/vacaciones-de-verano-en-huatulco\/\">Vacaciones de verano en Huatulco<\/a><time datetime=\"2024-05-24T21:56:56+00:00\" class=\"wp-block-latest-posts__post-date\">May 24, 2024<\/time><\/li>\n<li><a class=\"wp-block-latest-posts__post-title\" href=\"https:\/\/calahuatulco.com\/en\/huatulco-los-secretos-de-una-vida-larga-y-feliz\/\">Huatulco: los secretos de una vida larga y feliz<\/a><time datetime=\"2024-02-28T12:25:37+00:00\" class=\"wp-block-latest-posts__post-date\">February 28, 2024<\/time><\/li>\n<li><a class=\"wp-block-latest-posts__post-title\" href=\"https:\/\/calahuatulco.com\/en\/por-que-celebramos-la-festividad-de-la-santa-cruz-en-la-construccion-2\/\">\u00bfPor qu\u00e9 celebramos la festividad de la Santa Cruz en la construcci\u00f3n?<\/a><time datetime=\"2023-05-03T17:15:58+00:00\" class=\"wp-block-latest-posts__post-date\">May 3, 2023<\/time><\/li>\n<\/ul><\/div><\/div>\n<\/div><div id=\"block-5\" class=\"widget widget_block\">\n<div class=\"wp-block-group\"><div class=\"wp-block-group__inner-container is-layout-flow wp-block-group-is-layout-flow\">\n<h6 class=\"has-neve-text-color-color has-text-color wp-block-heading\">Archives<\/h6>\n\n\n<ul class=\"wp-block-archives-list wp-block-archives has-small-font-size\">\t<li><a href='https:\/\/calahuatulco.com\/en\/2026\/03\/'>March 2026<\/a><\/li>\n\t<li><a href='https:\/\/calahuatulco.com\/en\/2024\/07\/'>July 2024<\/a><\/li>\n\t<li><a href='https:\/\/calahuatulco.com\/en\/2024\/06\/'>June 2024<\/a><\/li>\n\t<li><a href='https:\/\/calahuatulco.com\/en\/2024\/05\/'>May 2024<\/a><\/li>\n\t<li><a href='https:\/\/calahuatulco.com\/en\/2024\/03\/'>March 2024<\/a><\/li>\n\t<li><a href='https:\/\/calahuatulco.com\/en\/2024\/02\/'>February 2024<\/a><\/li>\n\t<li><a href='https:\/\/calahuatulco.com\/en\/2024\/01\/'>January 2024<\/a><\/li>\n\t<li><a href='https:\/\/calahuatulco.com\/en\/2023\/12\/'>December 2023<\/a><\/li>\n\t<li><a href='https:\/\/calahuatulco.com\/en\/2023\/11\/'>November 2023<\/a><\/li>\n\t<li><a href='https:\/\/calahuatulco.com\/en\/2023\/10\/'>October 2023<\/a><\/li>\n\t<li><a href='https:\/\/calahuatulco.com\/en\/2023\/09\/'>September 2023<\/a><\/li>\n\t<li><a href='https:\/\/calahuatulco.com\/en\/2023\/08\/'>August 2023<\/a><\/li>\n\t<li><a href='https:\/\/calahuatulco.com\/en\/2023\/07\/'>July 2023<\/a><\/li>\n\t<li><a href='https:\/\/calahuatulco.com\/en\/2023\/06\/'>June 2023<\/a><\/li>\n\t<li><a href='https:\/\/calahuatulco.com\/en\/2023\/05\/'>May 2023<\/a><\/li>\n\t<li><a href='https:\/\/calahuatulco.com\/en\/2023\/04\/'>April 2023<\/a><\/li>\n\t<li><a href='https:\/\/calahuatulco.com\/en\/2023\/03\/'>March 2023<\/a><\/li>\n<\/ul><\/div><\/div>\n<\/div><div id=\"block-6\" class=\"widget widget_block\">\n<div class=\"wp-block-group\"><div class=\"wp-block-group__inner-container is-layout-flow wp-block-group-is-layout-flow\">\n<h6 class=\"has-neve-text-color-color has-text-color wp-block-heading\">Categories<\/h6>\n\n\n<ul class=\"wp-block-categories-list wp-block-categories has-small-font-size\">\t<li class=\"cat-item cat-item-14\"><a href=\"https:\/\/calahuatulco.com\/en\/category\/blog\/\">Blog<\/a> (58)\n<\/li>\n\t<li class=\"cat-item cat-item-32\"><a href=\"https:\/\/calahuatulco.com\/en\/category\/huatulco\/\">Huatulco<\/a> (4)\n<\/li>\n\t<li class=\"cat-item cat-item-20\"><a href=\"https:\/\/calahuatulco.com\/en\/category\/sin-categoria-es\/\">Sin categor\u00eda<\/a> (17)\n<\/li>\n<\/ul><\/div><\/div>\n<\/div>\t\t\t\t<\/div>\n\t\t\t\t<\/div>\n\t\t\t\t\t<\/div>\n\t\t<\/div>\n\t\t\t\t\t<\/div>\n\t\t<\/section>\n\t\t\t\t<\/div>","protected":false},"excerpt":{"rendered":"","protected":false},"author":1,"featured_media":0,"parent":0,"menu_order":0,"comment_status":"closed","ping_status":"closed","template":"page-templates\/template-pagebuilder-full-width.php","meta":{"om_disable_all_campaigns":false,"_monsterinsights_skip_tracking":false,"_monsterinsights_sitenote_active":false,"_monsterinsights_sitenote_note":"","_monsterinsights_sitenote_category":0,"_uf_show_specific_survey":0,"_uf_disable_surveys":false,"neve_meta_sidebar":"","neve_meta_container":"","neve_meta_enable_content_width":"off","neve_meta_content_width":100,"neve_meta_title_alignment":"","neve_meta_author_avatar":"","neve_post_elements_order":"","neve_meta_disable_header":"","neve_meta_disable_footer":"","neve_meta_disable_title":"","footnotes":""},"class_list":["post-2630","page","type-page","status-publish","hentry"],"aioseo_notices":[],"_links":{"self":[{"href":"https:\/\/calahuatulco.com\/en\/wp-json\/wp\/v2\/pages\/2630","targetHints":{"allow":["GET"]}}],"collection":[{"href":"https:\/\/calahuatulco.com\/en\/wp-json\/wp\/v2\/pages"}],"about":[{"href":"https:\/\/calahuatulco.com\/en\/wp-json\/wp\/v2\/types\/page"}],"author":[{"embeddable":true,"href":"https:\/\/calahuatulco.com\/en\/wp-json\/wp\/v2\/users\/1"}],"replies":[{"embeddable":true,"href":"https:\/\/calahuatulco.com\/en\/wp-json\/wp\/v2\/comments?post=2630"}],"version-history":[{"count":19,"href":"https:\/\/calahuatulco.com\/en\/wp-json\/wp\/v2\/pages\/2630\/revisions"}],"predecessor-version":[{"id":10445,"href":"https:\/\/calahuatulco.com\/en\/wp-json\/wp\/v2\/pages\/2630\/revisions\/10445"}],"wp:attachment":[{"href":"https:\/\/calahuatulco.com\/en\/wp-json\/wp\/v2\/media?parent=2630"}],"curies":[{"name":"wp","href":"https:\/\/api.w.org\/{rel}","templated":true}]}}